{"id":459,"date":"2024-08-15T21:49:52","date_gmt":"2024-08-15T19:49:52","guid":{"rendered":"http:\/\/psychotecc.fr\/?page_id=459"},"modified":"2024-10-16T16:36:26","modified_gmt":"2024-10-16T14:36:26","slug":"page-onglet","status":"publish","type":"page","link":"https:\/\/psychotecc.fr\/","title":{"rendered":"Accueil PsychoTECC"},"content":{"rendered":"\t\t<div data-elementor-type=\"wp-page\" data-elementor-id=\"459\" class=\"elementor elementor-459\" data-elementor-post-type=\"page\">\n\t\t\t\t\t\t<section class=\"elementor-section elementor-top-section elementor-element elementor-element-f9cb847 elementor-section-full_width elementor-section-height-full elementor-section-stretched elementor-section-height-default elementor-section-items-middle\" data-id=\"f9cb847\" data-element_type=\"section\" data-settings=\"{&quot;stretch_section&quot;:&quot;section-stretched&quot;,&quot;background_background&quot;:&quot;slideshow&quot;,&quot;background_slideshow_gallery&quot;:[{&quot;id&quot;:607,&quot;url&quot;:&quot;https:\\\/\\\/psychotecc.fr\\\/wp-content\\\/uploads\\\/2018\\\/02\\\/cabinet-FULLHD-99.jpg&quot;},{&quot;id&quot;:476,&quot;url&quot;:&quot;https:\\\/\\\/psychotecc.fr\\\/wp-content\\\/uploads\\\/2017\\\/11\\\/cropped-cabinet-FULLHD-38.jpg&quot;},{&quot;id&quot;:617,&quot;url&quot;:&quot;https:\\\/\\\/psychotecc.fr\\\/wp-content\\\/uploads\\\/2019\\\/01\\\/cabinet-FULLHD-38.png&quot;},{&quot;id&quot;:1829,&quot;url&quot;:&quot;https:\\\/\\\/psychotecc.fr\\\/wp-content\\\/uploads\\\/2024\\\/10\\\/cabinet-psychotecc-6-1-scaled.jpg&quot;},{&quot;id&quot;:1830,&quot;url&quot;:&quot;https:\\\/\\\/psychotecc.fr\\\/wp-content\\\/uploads\\\/2024\\\/10\\\/cabinet-psychotecc-9-scaled.jpg&quot;},{&quot;id&quot;:1831,&quot;url&quot;:&quot;https:\\\/\\\/psychotecc.fr\\\/wp-content\\\/uploads\\\/2024\\\/10\\\/cabinet-psychotecc-24-scaled.jpg&quot;},{&quot;id&quot;:1832,&quot;url&quot;:&quot;https:\\\/\\\/psychotecc.fr\\\/wp-content\\\/uploads\\\/2024\\\/10\\\/cabinet-psychotecc-25-scaled.jpg&quot;},{&quot;id&quot;:1833,&quot;url&quot;:&quot;https:\\\/\\\/psychotecc.fr\\\/wp-content\\\/uploads\\\/2024\\\/10\\\/cabinet-psychotecc-26-scaled.jpg&quot;},{&quot;id&quot;:1834,&quot;url&quot;:&quot;https:\\\/\\\/psychotecc.fr\\\/wp-content\\\/uploads\\\/2024\\\/10\\\/cabinet-psychotecc-29-scaled.jpg&quot;},{&quot;id&quot;:1835,&quot;url&quot;:&quot;https:\\\/\\\/psychotecc.fr\\\/wp-content\\\/uploads\\\/2024\\\/10\\\/cabinet-psychotecc-31-1-scaled.jpg&quot;},{&quot;id&quot;:1836,&quot;url&quot;:&quot;https:\\\/\\\/psychotecc.fr\\\/wp-content\\\/uploads\\\/2024\\\/10\\\/cabinet-psychotecc-31-scaled.jpg&quot;},{&quot;id&quot;:1837,&quot;url&quot;:&quot;https:\\\/\\\/psychotecc.fr\\\/wp-content\\\/uploads\\\/2024\\\/10\\\/cabinet-psychotecc-48-scaled.jpg&quot;}],&quot;background_slideshow_transition_duration&quot;:3000,&quot;background_slideshow_ken_burns&quot;:&quot;yes&quot;,&quot;background_slideshow_ken_burns_zoom_direction&quot;:&quot;out&quot;,&quot;background_slideshow_loop&quot;:&quot;yes&quot;,&quot;background_slideshow_slide_duration&quot;:5000,&quot;background_slideshow_slide_transition&quot;:&quot;fade&quot;}\">\n\t\t\t\t\t\t\t<div class=\"elementor-background-overlay\"><\/div>\n\t\t\t\t\t\t\t<div class=\"elementor-container elementor-column-gap-default\">\n\t\t\t\t\t<div class=\"elementor-column elementor-col-100 elementor-top-column elementor-element elementor-element-e594b58\" data-id=\"e594b58\" data-element_type=\"column\">\n\t\t\t<div class=\"elementor-widget-wrap elementor-element-populated\">\n\t\t\t\t\t\t<div class=\"elementor-element elementor-element-fa00999 elementor-widget elementor-widget-image\" data-id=\"fa00999\" data-element_type=\"widget\" data-widget_type=\"image.default\">\n\t\t\t\t<div class=\"elementor-widget-container\">\n\t\t\t\t\t\t\t\t\t\t\t\t\t<img decoding=\"async\" src=\"https:\/\/psychotecc.fr\/wp-content\/uploads\/elementor\/thumbs\/Fichier-33@2x-qsns75xgq7xq51fiz02ujd4vf5oa0dpr7jr6p15h3u.png\" title=\"Fichier 33@2x\" alt=\"Fichier 33@2x\" loading=\"lazy\" \/>\t\t\t\t\t\t\t\t\t\t\t\t\t<\/div>\n\t\t\t\t<\/div>\n\t\t\t\t<div class=\"elementor-element elementor-element-8982f49 elementor-widget elementor-widget-spacer\" data-id=\"8982f49\" data-element_type=\"widget\" data-widget_type=\"spacer.default\">\n\t\t\t\t<div class=\"elementor-widget-container\">\n\t\t\t\t\t<div class=\"elementor-spacer\">\n\t\t\t<div class=\"elementor-spacer-inner\"><\/div>\n\t\t<\/div>\n\t\t\t\t<\/div>\n\t\t\t\t<\/div>\n\t\t\t\t<section class=\"elementor-section elementor-inner-section elementor-element elementor-element-d0a6cd5 elementor-section-boxed elementor-section-height-default elementor-section-height-default\" data-id=\"d0a6cd5\" data-element_type=\"section\">\n\t\t\t\t\t\t<div class=\"elementor-container elementor-column-gap-default\">\n\t\t\t\t\t<div class=\"elementor-column elementor-col-50 elementor-inner-column elementor-element elementor-element-ae2e450\" data-id=\"ae2e450\" data-element_type=\"column\">\n\t\t\t<div class=\"elementor-widget-wrap elementor-element-populated\">\n\t\t\t\t\t\t<div class=\"elementor-element elementor-element-0e6be7b elementor-align-right elementor-mobile-align-center elementor-widget elementor-widget-button\" data-id=\"0e6be7b\" data-element_type=\"widget\" data-widget_type=\"button.default\">\n\t\t\t\t<div class=\"elementor-widget-container\">\n\t\t\t\t\t<div class=\"elementor-button-wrapper\">\n\t\t\t<a class=\"elementor-button elementor-button-link elementor-size-sm elementor-animation-grow\" href=\"https:\/\/psychotecc.fr\/?page_id=695\" id=\"BTN_PATIENT\">\n\t\t\t\t\t\t<span class=\"elementor-button-content-wrapper\">\n\t\t\t\t\t\t<span class=\"elementor-button-icon\">\n\t\t\t\t<i aria-hidden=\"true\" class=\"fas fa-child\"><\/i>\t\t\t<\/span>\n\t\t\t\t\t\t\t\t\t<span class=\"elementor-button-text\">Espace patients<\/span>\n\t\t\t\t\t<\/span>\n\t\t\t\t\t<\/a>\n\t\t<\/div>\n\t\t\t\t<\/div>\n\t\t\t\t<\/div>\n\t\t\t\t\t<\/div>\n\t\t<\/div>\n\t\t\t\t<div class=\"elementor-column elementor-col-50 elementor-inner-column elementor-element elementor-element-ebe05fa\" data-id=\"ebe05fa\" data-element_type=\"column\">\n\t\t\t<div class=\"elementor-widget-wrap elementor-element-populated\">\n\t\t\t\t\t\t<div class=\"elementor-element elementor-element-d4ce4c9 elementor-align-left elementor-mobile-align-center elementor-widget elementor-widget-button\" data-id=\"d4ce4c9\" data-element_type=\"widget\" data-widget_type=\"button.default\">\n\t\t\t\t<div class=\"elementor-widget-container\">\n\t\t\t\t\t<div class=\"elementor-button-wrapper\">\n\t\t\t<a class=\"elementor-button elementor-button-link elementor-size-sm elementor-animation-grow\" href=\"https:\/\/psychotecc.fr\/?page_id=1429\" id=\"BTN_PATIENT\">\n\t\t\t\t\t\t<span class=\"elementor-button-content-wrapper\">\n\t\t\t\t\t\t<span class=\"elementor-button-icon\">\n\t\t\t\t<i aria-hidden=\"true\" class=\"fas fa-handshake\"><\/i>\t\t\t<\/span>\n\t\t\t\t\t\t\t\t\t<span class=\"elementor-button-text\">Espace Professionnels<\/span>\n\t\t\t\t\t<\/span>\n\t\t\t\t\t<\/a>\n\t\t<\/div>\n\t\t\t\t<\/div>\n\t\t\t\t<\/div>\n\t\t\t\t\t<\/div>\n\t\t<\/div>\n\t\t\t\t\t<\/div>\n\t\t<\/section>\n\t\t\t\t\t<\/div>\n\t\t<\/div>\n\t\t\t\t\t<\/div>\n\t\t<\/section>\n\t\t\t\t<\/div>\n\t\t","protected":false},"excerpt":{"rendered":"<p>Espace patients Espace Professionnels<\/p>\n","protected":false},"author":1,"featured_media":0,"parent":0,"menu_order":1,"comment_status":"closed","ping_status":"closed","template":"","meta":{"footnotes":""},"class_list":["post-459","page","type-page","status-publish","hentry"],"yoast_head":"<!-- This site is optimized with the Yoast SEO plugin v14.5 - https:\/\/yoast.com\/wordpress\/plugins\/seo\/ -->\n<title>Accueil PsychoTECC - PsychoTECC<\/title>\n<meta name=\"description\" content=\"Le cabinet psychoTECC est n\u00e9 sous l\u2019impulsion de Faustine Devynck, Docteure en psychopathologie cognitive, dans une volont\u00e9 de proposer une psychoth\u00e9rapie humaniste, innovante, efficace et reconnue par la communaut\u00e9 scientifique internationale.\" \/>\n<meta name=\"robots\" content=\"index, follow\" \/>\n<meta name=\"googlebot\" content=\"index, follow, max-snippet:-1, max-image-preview:large, max-video-preview:-1\" \/>\n<meta name=\"bingbot\" content=\"index, follow, max-snippet:-1, max-image-preview:large, max-video-preview:-1\" \/>\n<link rel=\"canonical\" href=\"https:\/\/psychotecc.fr\/\" \/>\n<meta property=\"og:locale\" content=\"en_US\" \/>\n<meta property=\"og:type\" content=\"article\" \/>\n<meta property=\"og:title\" content=\"Accueil PsychoTECC - PsychoTECC\" \/>\n<meta property=\"og:description\" content=\"Le cabinet psychoTECC est n\u00e9 sous l\u2019impulsion de Faustine Devynck, Docteure en psychopathologie cognitive, dans une volont\u00e9 de proposer une psychoth\u00e9rapie humaniste, innovante, efficace et reconnue par la communaut\u00e9 scientifique internationale.\" \/>\n<meta property=\"og:url\" content=\"https:\/\/psychotecc.fr\/\" \/>\n<meta property=\"og:site_name\" content=\"PsychoTECC\" \/>\n<meta property=\"article:modified_time\" content=\"2024-10-16T14:36:26+00:00\" \/>\n<meta property=\"og:image\" content=\"https:\/\/psychotecc.fr\/wp-content\/uploads\/elementor\/thumbs\/Fichier-33@2x-qsns75xgq7xq51fiz02ujd4vf5oa0dpr7jr6p15h44.png\" \/>\n<meta name=\"twitter:card\" content=\"summary_large_image\" \/>\n<script type=\"application\/ld+json\" class=\"yoast-schema-graph\">{\"@context\":\"https:\/\/schema.org\",\"@graph\":[{\"@type\":\"WebSite\",\"@id\":\"https:\/\/psychotecc.fr\/#website\",\"url\":\"https:\/\/psychotecc.fr\/\",\"name\":\"PsychoTECC\",\"description\":\"Th\\u00e9rapies \\u00c9motionnelles, Cognitives et Comportementales\",\"potentialAction\":[{\"@type\":\"SearchAction\",\"target\":\"https:\/\/psychotecc.fr\/?s={search_term_string}\",\"query-input\":\"required name=search_term_string\"}],\"inLanguage\":\"en-US\"},{\"@type\":\"ImageObject\",\"@id\":\"https:\/\/psychotecc.fr\/#primaryimage\",\"inLanguage\":\"en-US\",\"url\":\"https:\/\/psychotecc.fr\/wp-content\/uploads\/elementor\/thumbs\/Fichier-33@2x-qsns75xgq7xq51fiz02ujd4vf5oa0dpr7jr6p15h44.png\"},{\"@type\":\"WebPage\",\"@id\":\"https:\/\/psychotecc.fr\/#webpage\",\"url\":\"https:\/\/psychotecc.fr\/\",\"name\":\"Accueil PsychoTECC - PsychoTECC\",\"isPartOf\":{\"@id\":\"https:\/\/psychotecc.fr\/#website\"},\"primaryImageOfPage\":{\"@id\":\"https:\/\/psychotecc.fr\/#primaryimage\"},\"datePublished\":\"2024-08-15T19:49:52+00:00\",\"dateModified\":\"2024-10-16T14:36:26+00:00\",\"description\":\"Le cabinet psychoTECC est n\\u00e9 sous l\\u2019impulsion de Faustine Devynck, Docteure en psychopathologie cognitive, dans une volont\\u00e9 de proposer une psychoth\\u00e9rapie humaniste, innovante, efficace et reconnue par la communaut\\u00e9 scientifique internationale.\",\"inLanguage\":\"en-US\",\"potentialAction\":[{\"@type\":\"ReadAction\",\"target\":[\"https:\/\/psychotecc.fr\/\"]}]}]}<\/script>\n<!-- \/ Yoast SEO plugin. -->","_links":{"self":[{"href":"https:\/\/psychotecc.fr\/index.php?rest_route=\/wp\/v2\/pages\/459"}],"collection":[{"href":"https:\/\/psychotecc.fr\/index.php?rest_route=\/wp\/v2\/pages"}],"about":[{"href":"https:\/\/psychotecc.fr\/index.php?rest_route=\/wp\/v2\/types\/page"}],"author":[{"embeddable":true,"href":"https:\/\/psychotecc.fr\/index.php?rest_route=\/wp\/v2\/users\/1"}],"replies":[{"embeddable":true,"href":"https:\/\/psychotecc.fr\/index.php?rest_route=%2Fwp%2Fv2%2Fcomments&post=459"}],"version-history":[{"count":27,"href":"https:\/\/psychotecc.fr\/index.php?rest_route=\/wp\/v2\/pages\/459\/revisions"}],"predecessor-version":[{"id":1840,"href":"https:\/\/psychotecc.fr\/index.php?rest_route=\/wp\/v2\/pages\/459\/revisions\/1840"}],"wp:attachment":[{"href":"https:\/\/psychotecc.fr\/index.php?rest_route=%2Fwp%2Fv2%2Fmedia&parent=459"}],"curies":[{"name":"wp","href":"https:\/\/api.w.org\/{rel}","templated":true}]}}